{"id":3243,"date":"2020-04-21T13:10:59","date_gmt":"2020-04-21T13:10:59","guid":{"rendered":"https:\/\/volpaia.com\/scopri-volpaia\/"},"modified":"2025-04-28T14:57:31","modified_gmt":"2025-04-28T14:57:31","slug":"scopri-volpaia","status":"publish","type":"page","link":"https:\/\/volpaia.com\/en\/scopri-volpaia\/","title":{"rendered":"Scopri Volpaia"},"content":{"rendered":"\t\t<div data-elementor-type=\"wp-page\" data-elementor-id=\"3243\" class=\"elementor elementor-3243 elementor-858\" data-elementor-settings=\"[]\">\n\t\t\t<div class=\"elementor-inner\">\n\t\t\t\t<div class=\"elementor-section-wrap\">\n\t\t\t\t\t\t\t<section class=\"elementor-element elementor-element-6b74100 elementor-section-height-min-height elementor-section-boxed elementor-section-height-default elementor-section-items-middle elementor-section elementor-top-section\" data-id=\"6b74100\" data-element_type=\"section\" id=\"la_famiglia_scroll\" data-settings=\"{&quot;background_background&quot;:&quot;classic&quot;}\">\n\t\t\t\t\t\t\t<div class=\"elementor-background-overlay\"><\/div>\n\t\t\t\t\t\t\t<div class=\"elementor-container elementor-column-gap-default\">\n\t\t\t\t<div class=\"elementor-row\">\n\t\t\t\t<div class=\"elementor-element elementor-element-4cd6144 animated-slow elementor-invisible elementor-column elementor-col-100 elementor-top-column\" data-id=\"4cd6144\" data-element_type=\"column\" data-settings=\"{&quot;animation&quot;:&quot;fadeIn&quot;}\">\n\t\t\t<div class=\"elementor-column-wrap  elementor-element-populated\">\n\t\t\t\t\t<div class=\"elementor-widget-wrap\">\n\t\t\t\t<section class=\"elementor-element elementor-element-87c1a14 elementor-section-boxed elementor-section-height-default elementor-section-height-default elementor-section elementor-inner-section\" data-id=\"87c1a14\" data-element_type=\"section\">\n\t\t\t\t\t\t<div class=\"elementor-container elementor-column-gap-default\">\n\t\t\t\t<div class=\"elementor-row\">\n\t\t\t\t<div class=\"elementor-element elementor-element-a7ad24d elementor-column elementor-col-33 elementor-inner-column\" data-id=\"a7ad24d\" data-element_type=\"column\">\n\t\t\t<div class=\"elementor-column-wrap  elementor-element-populated\">\n\t\t\t\t\t<div class=\"elementor-widget-wrap\">\n\t\t\t\t<div class=\"elementor-element elementor-element-3583522 elementor-widget elementor-widget-heading\" data-id=\"3583522\" data-element_type=\"widget\" data-widget_type=\"heading.default\">\n\t\t\t\t<div class=\"elementor-widget-container\">\n\t\t\t<h2 class=\"elementor-heading-title elementor-size-default\">The Family<\/h2>\t\t<\/div>\n\t\t\t\t<\/div>\n\t\t\t\t<div class=\"elementor-element elementor-element-b260dc4 elementor-widget elementor-widget-divider\" data-id=\"b260dc4\" data-element_type=\"widget\" data-widget_type=\"divider.default\">\n\t\t\t\t<div class=\"elementor-widget-container\">\n\t\t\t\t\t<div class=\"elementor-divider\">\n\t\t\t<span class=\"elementor-divider-separator\">\n\t\t\t\t\t\t<\/span>\n\t\t<\/div>\n\t\t\t\t<\/div>\n\t\t\t\t<\/div>\n\t\t\t\t\t\t<\/div>\n\t\t\t<\/div>\n\t\t<\/div>\n\t\t\t\t<div class=\"elementor-element elementor-element-897d5ec elementor-column elementor-col-66 elementor-inner-column\" data-id=\"897d5ec\" data-element_type=\"column\">\n\t\t\t<div class=\"elementor-column-wrap  elementor-element-populated\">\n\t\t\t\t\t<div class=\"elementor-widget-wrap\">\n\t\t\t\t<div class=\"elementor-element elementor-element-4e32353 elementor-widget elementor-widget-text-editor\" data-id=\"4e32353\" data-element_type=\"widget\" data-widget_type=\"text-editor.default\">\n\t\t\t\t<div class=\"elementor-widget-container\">\n\t\t\t\t\t<div class=\"elementor-text-editor elementor-clearfix\"><p>Prima Raffaello, poi Carlo e Giovannella, oggi Nicol\u00f2 e Federica, domani Allegra, Olivia e Tito.<\/p><p>Quattro generazioni, unite nel sogno di Volpaia.<\/p><p>Raffaello, primo su tutti, vide la meraviglia di Volpaia. Qui invitava i suoi amici in grandi cene che culminavano col rituale del banchetto della porchetta a San Lorenzo, il santo protettore di Volpaia.<\/p><p>Carlo e Giovannella hanno dedicato la loro vita a riportare Volpaia ad essere un borgo intimamente coinvolto nella produzione del vino, dell\u2019olio e dell\u2019aceto. Carlo, navigatore e sognatore, girava per il paese sempre col metro in tasca, un cipresso in una mano ed una rosa nell\u2019altra. Giovannella, attiva e caotica, \u00e8 la mamma di tutti gli abitanti di Volpaia e, come tale, autorizzata a bacchettare chiunque le capiti sotto mano. \u00c9 lei l\u2019anima di Volpaia!<\/p><p>Oggi Federica e Nicol\u00f2 raccolgono una preziosa eredit\u00e0 fatta di valori senza tempo, terra e sogni. Federica, restauratrice, gallerista, viaggia per tutto il mondo a promuovere i valori di Volpaia, possibilmente dove si pu\u00f2 anche sciare. Nicol\u00f2 \u00e8 al servizio della tecnologia che applica a tutte le sue passioni, prima fra tutte la comunicazione e l\u2019agricoltura. Ma la verit\u00e0 \u00e8 che Nicol\u00f2 \u00e8 al servizio dei suoi figli Allegra, Olivia e Tito.<\/p><\/div>\n\t\t\t\t<\/div>\n\t\t\t\t<\/div>\n\t\t\t\t\t\t<\/div>\n\t\t\t<\/div>\n\t\t<\/div>\n\t\t\t\t\t\t<\/div>\n\t\t\t<\/div>\n\t\t<\/section>\n\t\t\t\t<section class=\"elementor-element elementor-element-058de3f elementor-section-full_width elementor-section-height-default elementor-section-height-default elementor-section elementor-inner-section\" data-id=\"058de3f\" data-element_type=\"section\">\n\t\t\t\t\t\t<div class=\"elementor-container elementor-column-gap-default\">\n\t\t\t\t<div class=\"elementor-row\">\n\t\t\t\t<div class=\"elementor-element elementor-element-71fd597 elementor-column elementor-col-100 elementor-inner-column\" data-id=\"71fd597\" data-element_type=\"column\">\n\t\t\t<div class=\"elementor-column-wrap  elementor-element-populated\">\n\t\t\t\t\t<div class=\"elementor-widget-wrap\">\n\t\t\t\t<div class=\"elementor-element elementor-element-7519160 elementor-widget elementor-widget-text-editor\" data-id=\"7519160\" data-element_type=\"widget\" data-widget_type=\"text-editor.default\">\n\t\t\t\t<div class=\"elementor-widget-container\">\n\t\t\t\t\t<div class=\"elementor-text-editor elementor-clearfix\"><a style=\"text-decoration: none; color: white;\" href=\"#orto_scroll\">Scorri in basso<\/a><\/div>\n\t\t\t\t<\/div>\n\t\t\t\t<\/div>\n\t\t\t\t<div class=\"elementor-element elementor-element-ef4f1dd elementor-view-default elementor-widget elementor-widget-icon\" data-id=\"ef4f1dd\" data-element_type=\"widget\" data-widget_type=\"icon.default\">\n\t\t\t\t<div class=\"elementor-widget-container\">\n\t\t\t\t\t<div class=\"elementor-icon-wrapper\">\n\t\t\t<a class=\"elementor-icon\" href=\"#biologico_scroll\">\n\t\t\t<i aria-hidden=\"true\" class=\"fas fa-angle-down\"><\/i>\t\t\t<\/a>\n\t\t<\/div>\n\t\t\t\t<\/div>\n\t\t\t\t<\/div>\n\t\t\t\t\t\t<\/div>\n\t\t\t<\/div>\n\t\t<\/div>\n\t\t\t\t\t\t<\/div>\n\t\t\t<\/div>\n\t\t<\/section>\n\t\t\t\t\t\t<\/div>\n\t\t\t<\/div>\n\t\t<\/div>\n\t\t\t\t\t\t<\/div>\n\t\t\t<\/div>\n\t\t<\/section>\n\t\t\t\t<section class=\"elementor-element elementor-element-563d909 elementor-section-height-min-height elementor-section-boxed elementor-section-height-default elementor-section-items-middle elementor-section elementor-top-section\" data-id=\"563d909\" data-element_type=\"section\" id=\"orto_scroll\" data-settings=\"{&quot;background_background&quot;:&quot;classic&quot;}\">\n\t\t\t\t\t\t<div class=\"elementor-container elementor-column-gap-default\">\n\t\t\t\t<div class=\"elementor-row\">\n\t\t\t\t<div class=\"elementor-element elementor-element-085bacd animated-slow elementor-invisible elementor-column elementor-col-100 elementor-top-column\" data-id=\"085bacd\" data-element_type=\"column\" data-settings=\"{&quot;animation&quot;:&quot;fadeIn&quot;}\">\n\t\t\t<div class=\"elementor-column-wrap  elementor-element-populated\">\n\t\t\t\t\t<div class=\"elementor-widget-wrap\">\n\t\t\t\t<section class=\"elementor-element elementor-element-f486f75 elementor-section-boxed elementor-section-height-default elementor-section-height-default elementor-section elementor-inner-section\" data-id=\"f486f75\" data-element_type=\"section\">\n\t\t\t\t\t\t<div class=\"elementor-container elementor-column-gap-default\">\n\t\t\t\t<div class=\"elementor-row\">\n\t\t\t\t<div class=\"elementor-element elementor-element-07f2c5f elementor-column elementor-col-33 elementor-inner-column\" data-id=\"07f2c5f\" data-element_type=\"column\">\n\t\t\t<div class=\"elementor-column-wrap  elementor-element-populated\">\n\t\t\t\t\t<div class=\"elementor-widget-wrap\">\n\t\t\t\t<div class=\"elementor-element elementor-element-2a6ad1b elementor-widget elementor-widget-heading\" data-id=\"2a6ad1b\" data-element_type=\"widget\" data-widget_type=\"heading.default\">\n\t\t\t\t<div class=\"elementor-widget-container\">\n\t\t\t<h2 class=\"elementor-heading-title elementor-size-default\">Orto<\/h2>\t\t<\/div>\n\t\t\t\t<\/div>\n\t\t\t\t<div class=\"elementor-element elementor-element-6b77028 elementor-widget elementor-widget-divider\" data-id=\"6b77028\" data-element_type=\"widget\" data-widget_type=\"divider.default\">\n\t\t\t\t<div class=\"elementor-widget-container\">\n\t\t\t\t\t<div class=\"elementor-divider\">\n\t\t\t<span class=\"elementor-divider-separator\">\n\t\t\t\t\t\t<\/span>\n\t\t<\/div>\n\t\t\t\t<\/div>\n\t\t\t\t<\/div>\n\t\t\t\t<div class=\"elementor-element elementor-element-966923a elementor-widget elementor-widget-text-editor\" data-id=\"966923a\" data-element_type=\"widget\" data-widget_type=\"text-editor.default\">\n\t\t\t\t<div class=\"elementor-widget-container\">\n\t\t\t\t\t<div class=\"elementor-text-editor elementor-clearfix\"><p>Il nostro <strong>orto<\/strong>.<br \/>La nostra <strong>terra<\/strong>.<br \/>Il nostro <strong>amore<\/strong>.<\/p><\/div>\n\t\t\t\t<\/div>\n\t\t\t\t<\/div>\n\t\t\t\t\t\t<\/div>\n\t\t\t<\/div>\n\t\t<\/div>\n\t\t\t\t<div class=\"elementor-element elementor-element-3670899 elementor-column elementor-col-66 elementor-inner-column\" data-id=\"3670899\" data-element_type=\"column\">\n\t\t\t<div class=\"elementor-column-wrap  elementor-element-populated\">\n\t\t\t\t\t<div class=\"elementor-widget-wrap\">\n\t\t\t\t<div class=\"elementor-element elementor-element-0240634 elementor-widget elementor-widget-text-editor\" data-id=\"0240634\" data-element_type=\"widget\" data-widget_type=\"text-editor.default\">\n\t\t\t\t<div class=\"elementor-widget-container\">\n\t\t\t\t\t<div class=\"elementor-text-editor elementor-clearfix\"><p>Il nostro ultimo progetto \u00e8 un orto di m2 1100 con tutte le primizie o meglio le tardizie visto che siamo a 600 m e quando gli altri cominciano a non produrre pi\u00f9 noi abbiamo i frutti pi\u00f9 belli.<\/p>\n<p><\/p>\n<p>Tutti ci siamo innamorati di questo fazzoletto di terra e a fine lavoro ci ritroviamo a raccogliere, bietole, fragole, zucchine, melanzane\u2026.<\/p>\n<p><\/p>\n<p>L\u2019orto gode di uno dei panorami pi\u00f9 belli che ci offra Volpaia, abbiamo cos\u00ec deciso di poter degustare al tramonto nell\u2019orto.<\/p><\/div>\n\t\t\t\t<\/div>\n\t\t\t\t<\/div>\n\t\t\t\t<div class=\"elementor-element elementor-element-84b8016 custom_line_button elementor-widget elementor-widget-button\" data-id=\"84b8016\" data-element_type=\"widget\" data-widget_type=\"button.default\">\n\t\t\t\t<div class=\"elementor-widget-container\">\n\t\t\t\t\t<div class=\"elementor-button-wrapper\">\n\t\t\t<a href=\"https:\/\/volpaia.com\/vivi-volpaia\/\" class=\"elementor-button-link elementor-button elementor-size-sm\" role=\"button\">\n\t\t\t\t\t\t<span class=\"elementor-button-content-wrapper\">\n\t\t\t\t\t\t<span class=\"elementor-button-text\">Vivi Volpaia<\/span>\n\t\t<\/span>\n\t\t\t\t\t<\/a>\n\t\t<\/div>\n\t\t\t\t<\/div>\n\t\t\t\t<\/div>\n\t\t\t\t\t\t<\/div>\n\t\t\t<\/div>\n\t\t<\/div>\n\t\t\t\t\t\t<\/div>\n\t\t\t<\/div>\n\t\t<\/section>\n\t\t\t\t<section class=\"elementor-element elementor-element-92fa41c elementor-section-full_width elementor-section-height-default elementor-section-height-default elementor-section elementor-inner-section\" data-id=\"92fa41c\" data-element_type=\"section\">\n\t\t\t\t\t\t<div class=\"elementor-container elementor-column-gap-default\">\n\t\t\t\t<div class=\"elementor-row\">\n\t\t\t\t<div class=\"elementor-element elementor-element-6f90e09 elementor-column elementor-col-100 elementor-inner-column\" data-id=\"6f90e09\" data-element_type=\"column\">\n\t\t\t<div class=\"elementor-column-wrap  elementor-element-populated\">\n\t\t\t\t\t<div class=\"elementor-widget-wrap\">\n\t\t\t\t<div class=\"elementor-element elementor-element-a3c0bbc elementor-widget elementor-widget-text-editor\" data-id=\"a3c0bbc\" data-element_type=\"widget\" data-widget_type=\"text-editor.default\">\n\t\t\t\t<div class=\"elementor-widget-container\">\n\t\t\t\t\t<div class=\"elementor-text-editor elementor-clearfix\"><a style=\"text-decoration: none; color: white;\" href=\"#biologico_scroll\">Scorri in basso<\/a><\/div>\n\t\t\t\t<\/div>\n\t\t\t\t<\/div>\n\t\t\t\t<div class=\"elementor-element elementor-element-5854d11 elementor-view-default elementor-widget elementor-widget-icon\" data-id=\"5854d11\" data-element_type=\"widget\" data-widget_type=\"icon.default\">\n\t\t\t\t<div class=\"elementor-widget-container\">\n\t\t\t\t\t<div class=\"elementor-icon-wrapper\">\n\t\t\t<a class=\"elementor-icon\" href=\"#biologico_scroll\">\n\t\t\t<i aria-hidden=\"true\" class=\"fas fa-angle-down\"><\/i>\t\t\t<\/a>\n\t\t<\/div>\n\t\t\t\t<\/div>\n\t\t\t\t<\/div>\n\t\t\t\t\t\t<\/div>\n\t\t\t<\/div>\n\t\t<\/div>\n\t\t\t\t\t\t<\/div>\n\t\t\t<\/div>\n\t\t<\/section>\n\t\t\t\t\t\t<\/div>\n\t\t\t<\/div>\n\t\t<\/div>\n\t\t\t\t\t\t<\/div>\n\t\t\t<\/div>\n\t\t<\/section>\n\t\t\t\t<section class=\"elementor-element elementor-element-a76734c elementor-section-height-min-height elementor-section-items-bottom elementor-section-boxed elementor-section-height-default elementor-section elementor-top-section\" data-id=\"a76734c\" data-element_type=\"section\" id=\"biologico_scroll\" data-settings=\"{&quot;background_background&quot;:&quot;classic&quot;}\">\n\t\t\t\t\t\t\t<div class=\"elementor-background-overlay\"><\/div>\n\t\t\t\t\t\t\t<div class=\"elementor-container elementor-column-gap-default\">\n\t\t\t\t<div class=\"elementor-row\">\n\t\t\t\t<div class=\"elementor-element elementor-element-dfba820 animated-slow elementor-invisible elementor-column elementor-col-100 elementor-top-column\" data-id=\"dfba820\" data-element_type=\"column\" data-settings=\"{&quot;animation&quot;:&quot;fadeIn&quot;}\">\n\t\t\t<div class=\"elementor-column-wrap  elementor-element-populated\">\n\t\t\t\t\t<div class=\"elementor-widget-wrap\">\n\t\t\t\t<section class=\"elementor-element elementor-element-f31ded1 elementor-section-boxed elementor-section-height-default elementor-section-height-default elementor-section elementor-inner-section\" data-id=\"f31ded1\" data-element_type=\"section\">\n\t\t\t\t\t\t<div class=\"elementor-container elementor-column-gap-default\">\n\t\t\t\t<div class=\"elementor-row\">\n\t\t\t\t<div class=\"elementor-element elementor-element-8d90090 elementor-column elementor-col-33 elementor-inner-column\" data-id=\"8d90090\" data-element_type=\"column\">\n\t\t\t<div class=\"elementor-column-wrap  elementor-element-populated\">\n\t\t\t\t\t<div class=\"elementor-widget-wrap\">\n\t\t\t\t<div class=\"elementor-element elementor-element-5a2f9a4 elementor-widget elementor-widget-heading\" data-id=\"5a2f9a4\" data-element_type=\"widget\" data-widget_type=\"heading.default\">\n\t\t\t\t<div class=\"elementor-widget-container\">\n\t\t\t<h2 class=\"elementor-heading-title elementor-size-default\">Biologico<\/h2>\t\t<\/div>\n\t\t\t\t<\/div>\n\t\t\t\t<div class=\"elementor-element elementor-element-016a3da elementor-widget elementor-widget-divider\" data-id=\"016a3da\" data-element_type=\"widget\" data-widget_type=\"divider.default\">\n\t\t\t\t<div class=\"elementor-widget-container\">\n\t\t\t\t\t<div class=\"elementor-divider\">\n\t\t\t<span class=\"elementor-divider-separator\">\n\t\t\t\t\t\t<\/span>\n\t\t<\/div>\n\t\t\t\t<\/div>\n\t\t\t\t<\/div>\n\t\t\t\t<div class=\"elementor-element elementor-element-6426987 elementor-widget elementor-widget-text-editor\" data-id=\"6426987\" data-element_type=\"widget\" data-widget_type=\"text-editor.default\">\n\t\t\t\t<div class=\"elementor-widget-container\">\n\t\t\t\t\t<div class=\"elementor-text-editor elementor-clearfix\"><p>I nostri valori.<\/p><\/div>\n\t\t\t\t<\/div>\n\t\t\t\t<\/div>\n\t\t\t\t\t\t<\/div>\n\t\t\t<\/div>\n\t\t<\/div>\n\t\t\t\t<div class=\"elementor-element elementor-element-58adc87 elementor-column elementor-col-66 elementor-inner-column\" data-id=\"58adc87\" data-element_type=\"column\">\n\t\t\t<div class=\"elementor-column-wrap  elementor-element-populated\">\n\t\t\t\t\t<div class=\"elementor-widget-wrap\">\n\t\t\t\t<div class=\"elementor-element elementor-element-d6c6afd elementor-widget elementor-widget-text-editor\" data-id=\"d6c6afd\" data-element_type=\"widget\" data-widget_type=\"text-editor.default\">\n\t\t\t\t<div class=\"elementor-widget-container\">\n\t\t\t\t\t<div class=\"elementor-text-editor elementor-clearfix\"><p>Nel Settembre 2000 abbiamo cominciato a riempire i moduli per la conversione a Biologico, in effetti per noi \u00e8 stato soprattutto un fatto burocratico: Biologico \u00e8 una filosofia e da sempre a Volpaia, ben prima che il mondo cominciasse a parlare di Biologico, abbiamo trattato le nostre vigne e i nostri campi in maniera naturale: no pesticidi, no chimica di sintesi, fertilizzanti naturali.<\/p>\n<p><\/p>\n<p>Il biologico ti porta a controllare molto da vicino le viti e, come in medicina, \u00e8 meglio prevenire che curare. Monitoriamo quotidianamente le viti ma il nostro microclima, altitudine e terroir ci aiutano a combattere biologicamente le malattie.<\/p><\/div>\n\t\t\t\t<\/div>\n\t\t\t\t<\/div>\n\t\t\t\t\t\t<\/div>\n\t\t\t<\/div>\n\t\t<\/div>\n\t\t\t\t\t\t<\/div>\n\t\t\t<\/div>\n\t\t<\/section>\n\t\t\t\t<div class=\"elementor-element elementor-element-7546347 elementor-widget elementor-widget-spacer\" data-id=\"7546347\" data-element_type=\"widget\" data-widget_type=\"spacer.default\">\n\t\t\t\t<div class=\"elementor-widget-container\">\n\t\t\t\t\t<div class=\"elementor-spacer\">\n\t\t\t<div class=\"elementor-spacer-inner\"><\/div>\n\t\t<\/div>\n\t\t\t\t<\/div>\n\t\t\t\t<\/div>\n\t\t\t\t\t\t<\/div>\n\t\t\t<\/div>\n\t\t<\/div>\n\t\t\t\t\t\t<\/div>\n\t\t\t<\/div>\n\t\t<\/section>\n\t\t\t\t<section class=\"elementor-element elementor-element-27d526dd elementor-section-boxed elementor-section-height-default elementor-section-height-default elementor-section elementor-top-section\" data-id=\"27d526dd\" data-element_type=\"section\">\n\t\t\t\t\t\t<div class=\"elementor-container elementor-column-gap-no\">\n\t\t\t\t<div class=\"elementor-row\">\n\t\t\t\t<div class=\"elementor-element elementor-element-74c135a elementor-column elementor-col-100 elementor-top-column\" data-id=\"74c135a\" data-element_type=\"column\">\n\t\t\t<div class=\"elementor-column-wrap  elementor-element-populated\">\n\t\t\t\t\t<div class=\"elementor-widget-wrap\">\n\t\t\t\t<div class=\"elementor-element elementor-element-fce4a52 elementor-hidden-tablet elementor-hidden-phone elementor-widget elementor-widget-jet-scroll-navigation\" data-id=\"fce4a52\" data-element_type=\"widget\" data-widget_type=\"jet-scroll-navigation.default\">\n\t\t\t\t<div class=\"elementor-widget-container\">\n\t\t\t<div class=\"elementor-jet-scroll-navigation jet-elements\"><div class=\"jet-scroll-navigation jet-scroll-navigation--position-left jet-scroll-navigation--show-active-hint\" data-settings='{\"position\":\"left\",\"speed\":500,\"offset\":0,\"sectionSwitch\":true,\"sectionSwitchOnMobile\":false,\"hintShowType\":\"show-active-hint\"}'><div class=\"jet-scroll-navigation__inner\">\n<div class=\"jet-scroll-navigation__item\" data-anchor=\"la_famiglia_scroll\" data-invert=\"no\">\n\t<div class=\"jet-scroll-navigation__dot\">\t<\/div>\n\t<div class=\"jet-scroll-navigation__item-hint\"><span class=\"jet-scroll-navigation__label\">La Famiglia<\/span>\t<\/div>\n<\/div>\n\n<div class=\"jet-scroll-navigation__item\" data-anchor=\"orto_scroll\" >\n\t<div class=\"jet-scroll-navigation__dot\">\t<\/div>\n\t<div class=\"jet-scroll-navigation__item-hint\"><span class=\"jet-scroll-navigation__label\">Orto<\/span>\t<\/div>\n<\/div>\n\n<div class=\"jet-scroll-navigation__item\" data-anchor=\"biologico_scroll\" >\n\t<div class=\"jet-scroll-navigation__dot\">\t<\/div>\n\t<div class=\"jet-scroll-navigation__item-hint\"><span class=\"jet-scroll-navigation__label\">Biologico<\/span>\t<\/div>\n<\/div>\n\n<\/div>\n<\/div>\n<\/div>\t\t<\/div>\n\t\t\t\t<\/div>\n\t\t\t\t\t\t<\/div>\n\t\t\t<\/div>\n\t\t<\/div>\n\t\t\t\t\t\t<\/div>\n\t\t\t<\/div>\n\t\t<\/section>\n\t\t\t\t\t\t<\/div>\n\t\t\t<\/div>\n\t\t<\/div>\n\t\t","protected":false},"excerpt":{"rendered":"<p>The Family Prima Raffaello, poi Carlo e Giovannella, oggi Nicol\u00f2 e Federica, domani Allegra, Olivia e Tito. Quattro generazioni, unite nel sogno di Volpaia. Raffaello, primo su tutti, vide la meraviglia di Volpaia. Qui invitava i suoi amici in grandi cene che culminavano col rituale del banchetto della porchetta a San Lorenzo, il santo protettore &#8230; <a title=\"Scopri Volpaia\" class=\"read-more\" href=\"https:\/\/volpaia.com\/en\/scopri-volpaia\/\" aria-label=\"More on Scopri Volpaia\">Read more<\/a><\/p>\n","protected":false},"author":13,"featured_media":0,"parent":0,"menu_order":0,"comment_status":"closed","ping_status":"closed","template":"elementor_header_footer","meta":{"content-type":""},"yoast_head":"<!-- This site is optimized with the Yoast SEO plugin v18.4.1 - https:\/\/yoast.com\/wordpress\/plugins\/seo\/ -->\n<title>Scopri Volpaia - Castello di Volpaia<\/title>\n<meta name=\"robots\" content=\"index, follow, max-snippet:-1, max-image-preview:large, max-video-preview:-1\" \/>\n<link rel=\"canonical\" href=\"https:\/\/volpaia.com\/en\/scopri-volpaia\/\" \/>\n<meta property=\"og:locale\" content=\"en_US\" \/>\n<meta property=\"og:type\" content=\"article\" \/>\n<meta property=\"og:title\" content=\"Scopri Volpaia - Castello di Volpaia\" \/>\n<meta property=\"og:description\" content=\"The Family Prima Raffaello, poi Carlo e Giovannella, oggi Nicol\u00f2 e Federica, domani Allegra, Olivia e Tito. Quattro generazioni, unite nel sogno di Volpaia. Raffaello, primo su tutti, vide la meraviglia di Volpaia. Qui invitava i suoi amici in grandi cene che culminavano col rituale del banchetto della porchetta a San Lorenzo, il santo protettore ... Read more\" \/>\n<meta property=\"og:url\" content=\"https:\/\/volpaia.com\/en\/scopri-volpaia\/\" \/>\n<meta property=\"og:site_name\" content=\"Castello di Volpaia\" \/>\n<meta property=\"article:modified_time\" content=\"2025-04-28T14:57:31+00:00\" \/>\n<meta name=\"twitter:card\" content=\"summary_large_image\" \/>\n<meta name=\"twitter:label1\" content=\"Est. reading time\" \/>\n\t<meta name=\"twitter:data1\" content=\"2 minutes\" \/>\n<script type=\"application\/ld+json\" class=\"yoast-schema-graph\">{\"@context\":\"https:\/\/schema.org\",\"@graph\":[{\"@type\":\"WebSite\",\"@id\":\"https:\/\/volpaia.com\/en\/#website\",\"url\":\"https:\/\/volpaia.com\/en\/\",\"name\":\"Castello di Volpaia\",\"description\":\"Just another WordPress site\",\"potentialAction\":[{\"@type\":\"SearchAction\",\"target\":{\"@type\":\"EntryPoint\",\"urlTemplate\":\"https:\/\/volpaia.com\/en\/?s={search_term_string}\"},\"query-input\":\"required name=search_term_string\"}],\"inLanguage\":\"en-US\"},{\"@type\":\"WebPage\",\"@id\":\"https:\/\/volpaia.com\/en\/scopri-volpaia\/#webpage\",\"url\":\"https:\/\/volpaia.com\/en\/scopri-volpaia\/\",\"name\":\"Scopri Volpaia - Castello di Volpaia\",\"isPartOf\":{\"@id\":\"https:\/\/volpaia.com\/en\/#website\"},\"datePublished\":\"2020-04-21T13:10:59+00:00\",\"dateModified\":\"2025-04-28T14:57:31+00:00\",\"breadcrumb\":{\"@id\":\"https:\/\/volpaia.com\/en\/scopri-volpaia\/#breadcrumb\"},\"inLanguage\":\"en-US\",\"potentialAction\":[{\"@type\":\"ReadAction\",\"target\":[\"https:\/\/volpaia.com\/en\/scopri-volpaia\/\"]}]},{\"@type\":\"BreadcrumbList\",\"@id\":\"https:\/\/volpaia.com\/en\/scopri-volpaia\/#breadcrumb\",\"itemListElement\":[{\"@type\":\"ListItem\",\"position\":1,\"name\":\"Home\",\"item\":\"http:\/\/volpaia.com\/en\/\"},{\"@type\":\"ListItem\",\"position\":2,\"name\":\"Scopri Volpaia\"}]}]}<\/script>\n<!-- \/ Yoast SEO plugin. -->","yoast_head_json":{"title":"Scopri Volpaia - Castello di Volpaia","robots":{"index":"index","follow":"follow","max-snippet":"max-snippet:-1","max-image-preview":"max-image-preview:large","max-video-preview":"max-video-preview:-1"},"canonical":"https:\/\/volpaia.com\/en\/scopri-volpaia\/","og_locale":"en_US","og_type":"article","og_title":"Scopri Volpaia - Castello di Volpaia","og_description":"The Family Prima Raffaello, poi Carlo e Giovannella, oggi Nicol\u00f2 e Federica, domani Allegra, Olivia e Tito. Quattro generazioni, unite nel sogno di Volpaia. Raffaello, primo su tutti, vide la meraviglia di Volpaia. Qui invitava i suoi amici in grandi cene che culminavano col rituale del banchetto della porchetta a San Lorenzo, il santo protettore ... Read more","og_url":"https:\/\/volpaia.com\/en\/scopri-volpaia\/","og_site_name":"Castello di Volpaia","article_modified_time":"2025-04-28T14:57:31+00:00","twitter_card":"summary_large_image","twitter_misc":{"Est. reading time":"2 minutes"},"schema":{"@context":"https:\/\/schema.org","@graph":[{"@type":"WebSite","@id":"https:\/\/volpaia.com\/en\/#website","url":"https:\/\/volpaia.com\/en\/","name":"Castello di Volpaia","description":"Just another WordPress site","potentialAction":[{"@type":"SearchAction","target":{"@type":"EntryPoint","urlTemplate":"https:\/\/volpaia.com\/en\/?s={search_term_string}"},"query-input":"required name=search_term_string"}],"inLanguage":"en-US"},{"@type":"WebPage","@id":"https:\/\/volpaia.com\/en\/scopri-volpaia\/#webpage","url":"https:\/\/volpaia.com\/en\/scopri-volpaia\/","name":"Scopri Volpaia - Castello di Volpaia","isPartOf":{"@id":"https:\/\/volpaia.com\/en\/#website"},"datePublished":"2020-04-21T13:10:59+00:00","dateModified":"2025-04-28T14:57:31+00:00","breadcrumb":{"@id":"https:\/\/volpaia.com\/en\/scopri-volpaia\/#breadcrumb"},"inLanguage":"en-US","potentialAction":[{"@type":"ReadAction","target":["https:\/\/volpaia.com\/en\/scopri-volpaia\/"]}]},{"@type":"BreadcrumbList","@id":"https:\/\/volpaia.com\/en\/scopri-volpaia\/#breadcrumb","itemListElement":[{"@type":"ListItem","position":1,"name":"Home","item":"http:\/\/volpaia.com\/en\/"},{"@type":"ListItem","position":2,"name":"Scopri Volpaia"}]}]}},"_links":{"self":[{"href":"https:\/\/volpaia.com\/en\/wp-json\/wp\/v2\/pages\/3243"}],"collection":[{"href":"https:\/\/volpaia.com\/en\/wp-json\/wp\/v2\/pages"}],"about":[{"href":"https:\/\/volpaia.com\/en\/wp-json\/wp\/v2\/types\/page"}],"author":[{"embeddable":true,"href":"https:\/\/volpaia.com\/en\/wp-json\/wp\/v2\/users\/13"}],"replies":[{"embeddable":true,"href":"https:\/\/volpaia.com\/en\/wp-json\/wp\/v2\/comments?post=3243"}],"version-history":[{"count":11,"href":"https:\/\/volpaia.com\/en\/wp-json\/wp\/v2\/pages\/3243\/revisions"}],"predecessor-version":[{"id":12163,"href":"https:\/\/volpaia.com\/en\/wp-json\/wp\/v2\/pages\/3243\/revisions\/12163"}],"wp:attachment":[{"href":"https:\/\/volpaia.com\/en\/wp-json\/wp\/v2\/media?parent=3243"}],"curies":[{"name":"wp","href":"https:\/\/api.w.org\/{rel}","templated":true}]}}